{"id":30,"date":"2021-01-10T13:45:43","date_gmt":"2021-01-10T11:45:43","guid":{"rendered":"http:\/\/lehvanen.fi\/?page_id=30"},"modified":"2021-03-08T11:42:16","modified_gmt":"2021-03-08T09:42:16","slug":"vuokraamo","status":"publish","type":"page","link":"https:\/\/lehvanen.fi\/?page_id=30","title":{"rendered":"Per\u00e4k\u00e4rry"},"content":{"rendered":"\n<p>Per\u00e4k\u00e4rry<\/p>\n\n\n\n<figure class=\"wp-block-image is-resized\"><img loading=\"lazy\" decoding=\"async\" src=\"https:\/\/www.netrauta.fi\/media\/catalog\/product\/cache\/1\/image\/9df78eab33525d08d6e5fb8d27136e95\/M\/A\/MAJM120_1_1.jpg\" alt=\"Majava Per\u00e4k\u00e4rry M 5030 LJ | Netrauta.fi\" width=\"916\" height=\"404\"\/><\/figure>\n\n\n<div style=\"display:none\" class=\"fm-form-container fm-theme9\"><div id=\"fm-pages6\" class=\"fm-pages wdform_page_navigation \" show_title=\"\" show_numbers=\"1\" type=\"none\"><\/div><form name=\"form6\" action=\"\/index.php?rest_route=%2Fwp%2Fv2%2Fpages%2F30\" method=\"post\" id=\"form6\" class=\"fm-form form6  \" enctype=\"multipart\/form-data\"><input type=\"hidden\" id=\"fm_page_id6\" value=\"30\" name=\"fm_page_id6\" \/><input type=\"hidden\" id=\"fm_current_post_type6\" value=\"page\" name=\"fm_current_post_type6\" \/><input type=\"hidden\" id=\"counter6\" value=\"9\" name=\"counter6\" \/><input type=\"hidden\" id=\"Itemid6\" value=\"\" name=\"Itemid6\" \/><input type=\"hidden\" id=\"fm_shake6\" value=\"1\" name=\"fm_shake6\" \/><input type=\"text\" class=\"fm-hide\" id=\"fm_empty_field_validation6\" value=\"\" name=\"fm_empty_field_validation6\" data-value=\"bd736efb144d599cf463541431fbf5c4\" \/><div class=\"wdform-page-and-images fm-form-builder\"><div id=\"6form_view1\" class=\"wdform_page\" page_title=\"Untitled page\" next_title=\"Next\" next_type=\"text\" next_class=\"wdform-page-button\" next_checkable=\"true\" previous_title=\"Previous\" previous_type=\"text\" previous_class=\"wdform-page-button\" previous_checkable=\"false\"><div class=\"wdform_section\"><div class=\"wdform_column\"><div wdid=\"3\" class=\"wdform_row\" style=\"position: relative; left: 0px; top: 0px;\"><div type=\"type_name\" class=\"wdform-field wd-width-100 wd-flex wd-flex-column fm-type_name\" ><div class=\"wdform-label-section wd-width-100  wd-flex-row\">    <label  for=\"wdform_3_element_first6\" class=\"wdform-label\">Nimi<\/label><\/div><div class=\"wdform-element-section wd-flex  wd-flex-row wd-width-100\" ><div class=\"wd-flex wd-flex-column wd-width-50\"><input type=\"text\" class=\"wd-width-100\" id=\"wdform_3_element_first6\" name=\"wdform_3_element_first6\" data-value=\"\" value=\"\" title=\"\" placeholder=\"\"  \/><label class=\"mini_label\" for=\"wdform_3_element_first6\">Etunimi<\/label><\/div><div class=\"wd-flex wd-flex-column wd-name-separator\"><\/div><div class=\"wd-flex wd-flex-column wd-width-50\"><input type=\"text\" class=\"wd-width-100\" id=\"wdform_3_element_last6\" name=\"wdform_3_element_last6\" data-value=\"\" value=\"\" title=\"\" placeholder=\"\"  \/><label class=\"mini_label\" for=\"wdform_3_element_last6\">Sukunimi<\/label><\/div><\/div><\/div><\/div><\/div><div class=\"wdform_column\"><div wdid=\"5\" class=\"wdform_row\" style=\"position: relative; left: 0px; top: 0px;\"><div type=\"type_submitter_mail\" class=\"wdform-field wd-width-100 wd-flex wd-flex-column fm-type_submitter_mail\" ><div class=\"wdform-label-section wd-width-100  wd-flex-row\">    <label  for=\"wdform_5_element6\" class=\"wdform-label\">S\u00e4hk\u00f6postiosoite<\/label><\/div><div class=\"wdform-element-section wd-flex  wd-flex-row wd-width-100\" ><input type=\"text\" class=\"wd-width-100\" id=\"wdform_5_element6\" name=\"wdform_5_element6\" data-value=\"\" value=\"\" title=\"\" placeholder=\"\"   onchange=\"wd_check_email('5', '6', 'T\u00e4m\u00e4 ei ole kelvollinen s\u00e4hk\u00f6postiosoite.')\" \/><\/div><\/div><\/div><div wdid=\"4\" class=\"wdform_row\"><div type=\"type_phone_new\" class=\"wdform-field wd-width-100 wd-flex wd-flex-column fm-type_phone_new\" ><div class=\"wdform-label-section wd-width-100 \">    <label  for=\"wdform_4_element6\" class=\"wdform-label\">Puhelinnumero<\/label><\/div><div class=\"wdform-element-section wd-flex  wd-width-100\" ><input type=\"text\"                       class=\"wd-width-100\"                       id=\"wdform_4_element6\"                       name=\"wdform_4_element6\"                       value=\"\"                       data-value=\"\"                       placeholder=\"\"  \/><\/div><\/div><\/div><\/div><div class=\"wdform_column\"><div wdid=\"2\" class=\"wdform_row\"><div type=\"type_date_new\" class=\"wdform-field wd-width-100 wd-flex wd-flex-column fm-type_date_new\" ><div class=\"wdform-label-section wd-width-100  wd-flex-row\">    <label  for=\"wdform_2_element6\" class=\"wdform-label\">Vuokrausp\u00e4iv\u00e4<\/label><\/div><div class=\"wdform-element-section wd-flex  wd-flex-row wd-width-100\" ><input class=\"wd-width-100\" autocomplete=\"off\" onchange=\"wd_validate(this)\" data-form-id=\"6\" data-wdid=\"2\" data-valid-type=\"date\" type=\"text\" id=\"wdform_2_element6\" data-value=\"\" value=\"\" name=\"wdform_2_element6\"   \/><span id=\"fm-calendar-2\" class=\"dashicons dashicons-calendar-alt wd-calendar-button wd-inline-block\"><\/span><input type=\"hidden\" class=\"hidden_date\" data-format=\"dd\/mm\/yy\" data-min=\"\" data-max=\"\" id=\"wdform_2_button6\" value=\"\" \/><\/div><\/div><\/div><div wdid=\"6\" class=\"wdform_row\" style=\"position: relative; left: 0px; top: 0px;\"><div type=\"type_time\" class=\"wdform-field wd-width-100 wd-flex wd-flex-column fm-type_time\" ><div class=\"wdform-label-section wd-width-100  wd-flex-row\">    <label  for=\"wdform_6_hh6\" class=\"wdform-label\">Vuokrauksen aloitusaika<\/label><\/div><div class=\"wdform-element-section wd-flex  wd-flex-row wd-width-100\" ><div class=\"wd-flex wd-flex-column\"><input type=\"number\"                           class=\"time_box wd-type-number\"                           id=\"wdform_6_hh6\"                           name=\"wdform_6_hh6\"                           onkeyup=\"wd_validate(this)\"                           data-addiotional-fields='[\"wdform_6_mm6\",\"wdform_6_ss6\"]'                           data-valid-type=\"hour24\"                           data-form-id=\"6\"                           data-wdid=\"6\"                           data-value=\"\"                           value=\"\"                            \/><label for=\"wdform_6_hh6\" class=\"mini_label\">HH<\/label><\/div><div class=\"wd-flex wd-flex-column\">&nbsp;:&nbsp;<\/div><div class=\"wd-flex wd-flex-column\"><input type=\"number\"                           class=\"time_box wd-type-number\"                           id=\"wdform_6_mm6\"                           name=\"wdform_6_mm6\"                           onkeyup=\"wd_validate(this)\"                           data-addiotional-fields='[\"wdform_6_hh6\",\"wdform_6_ss6\"]'                           data-valid-type=\"minute\"                           data-form-id=\"6\"                           data-wdid=\"6\"                           data-value=\"\"                           value=\"\"                            \/><label for=\"wdform_6_mm6\" class=\"mini_label\">MM<\/label><\/div><\/div><\/div><\/div><\/div><div class=\"wdform_column\"><div wdid=\"8\" class=\"wdform_row\" style=\"position: relative; left: 0px; top: 0px;\"><div type=\"type_date_new\" class=\"wdform-field wd-width-100 wd-flex wd-flex-column fm-type_date_new\" ><div class=\"wdform-label-section wd-width-100  wd-flex-row\">    <label  for=\"wdform_8_element6\" class=\"wdform-label\">Vuokrauksen lopetusp\u00e4iv\u00e4 (j\u00e4t\u00e4 tyhj\u00e4ksi, jos sama, kun aloitusp\u00e4iv\u00e4)<\/label><\/div><div class=\"wdform-element-section wd-flex  wd-flex-row wd-width-100\" ><input class=\"wd-width-100\" autocomplete=\"off\" onchange=\"wd_validate(this)\" data-form-id=\"6\" data-wdid=\"8\" data-valid-type=\"date\" type=\"text\" id=\"wdform_8_element6\" data-value=\"\" value=\"\" name=\"wdform_8_element6\"   \/><span id=\"fm-calendar-8\" class=\"dashicons dashicons-calendar-alt wd-calendar-button wd-inline-block\"><\/span><input type=\"hidden\" class=\"hidden_date\" data-format=\"dd\/mm\/yy\" data-min=\"\" data-max=\"\" id=\"wdform_8_button6\" value=\"\" \/><\/div><\/div><\/div><div wdid=\"7\" class=\"wdform_row\" style=\"position: relative; left: 0px; top: 0px;\"><div type=\"type_time\" class=\"wdform-field wd-width-100 wd-flex wd-flex-column fm-type_time\" ><div class=\"wdform-label-section wd-width-100  wd-flex-row\">    <label  for=\"wdform_7_hh6\" class=\"wdform-label\">Vuokrauksen lopetusaika<\/label><\/div><div class=\"wdform-element-section wd-flex  wd-flex-row wd-width-100\" ><div class=\"wd-flex wd-flex-column\"><input type=\"number\"                           class=\"time_box wd-type-number\"                           id=\"wdform_7_hh6\"                           name=\"wdform_7_hh6\"                           onkeyup=\"wd_validate(this)\"                           data-addiotional-fields='[\"wdform_7_mm6\",\"wdform_7_ss6\"]'                           data-valid-type=\"hour24\"                           data-form-id=\"6\"                           data-wdid=\"7\"                           data-value=\"\"                           value=\"\"                            \/><label for=\"wdform_7_hh6\" class=\"mini_label\">HH<\/label><\/div><div class=\"wd-flex wd-flex-column\">&nbsp;:&nbsp;<\/div><div class=\"wd-flex wd-flex-column\"><input type=\"number\"                           class=\"time_box wd-type-number\"                           id=\"wdform_7_mm6\"                           name=\"wdform_7_mm6\"                           onkeyup=\"wd_validate(this)\"                           data-addiotional-fields='[\"wdform_7_hh6\",\"wdform_7_ss6\"]'                           data-valid-type=\"minute\"                           data-form-id=\"6\"                           data-wdid=\"7\"                           data-value=\"\"                           value=\"\"                            \/><label for=\"wdform_7_mm6\" class=\"mini_label\">MM<\/label><\/div><\/div><\/div><\/div><\/div><div class=\"wdform_column\"><div wdid=\"1\" class=\"wdform_row\" style=\"position: relative; left: 0px; top: 0px;\"><div type=\"type_submit_reset\" class=\"wdform-field wd-width-100 wd-flex wd-flex-column fm-type_submit_reset\" ><div class=\"wdform-element-section wd-flex  wd-flex-row wd-justify-content-left wd-width-100\" ><button  type=\"button\" class=\"button-submit\" onclick=\"fm_submit_form('6');\"  data-ajax=\"0\"><span class=\"fm-submit-loading spinner fm-ico-spinner\"><\/span>L\u00e4het\u00e4<\/button><button  type=\"button\" class=\"button-reset wd-hidden\" onclick=\"fm_reset_form(6);\" >Reset<\/button><\/div><\/div><\/div><\/div><\/div><div valign=\"top\" class=\"wdform_footer wd-width-100\"><div class=\"wd-width-100\"><div class=\"wd-width-100 wd-table\" style=\"padding-top:10px;\"><div class=\"wd-table-group\"><div id=\"6page_nav1\" class=\"wd-table-row\"><\/div><\/div><\/div><\/div><\/div><\/div><\/div><div class=\"wdform_preload\"><\/div><input type=\"hidden\" name=\"fm-current-page\" value=\"https:\/\/lehvanen.fi\/index.php?rest_route=%2Fwp%2Fv2%2Fpages%2F30\" \/><\/form><\/div>\n\n\n\n<iframe loading=\"lazy\" src=\"https:\/\/calendar.google.com\/calendar\/embed?src=lf43rinrnlsm6t90nfunuglg44%40group.calendar.google.com&amp;ctz=Europe%2FHelsinki\" style=\"border: 0\" scrolling=\"no\" width=\"1000\" height=\"600\" frameborder=\"0\"><\/iframe>\n","protected":false},"excerpt":{"rendered":"<p>Per\u00e4k\u00e4rry<\/p>\n","protected":false},"author":1,"featured_media":0,"parent":0,"menu_order":0,"comment_status":"closed","ping_status":"closed","template":"","meta":{"ngg_post_thumbnail":0,"footnotes":""},"class_list":["post-30","page","type-page","status-publish","hentry"],"jetpack_sharing_enabled":true,"_links":{"self":[{"href":"https:\/\/lehvanen.fi\/index.php?rest_route=\/wp\/v2\/pages\/30","targetHints":{"allow":["GET"]}}],"collection":[{"href":"https:\/\/lehvanen.fi\/index.php?rest_route=\/wp\/v2\/pages"}],"about":[{"href":"https:\/\/lehvanen.fi\/index.php?rest_route=\/wp\/v2\/types\/page"}],"author":[{"embeddable":true,"href":"https:\/\/lehvanen.fi\/index.php?rest_route=\/wp\/v2\/users\/1"}],"replies":[{"embeddable":true,"href":"https:\/\/lehvanen.fi\/index.php?rest_route=%2Fwp%2Fv2%2Fcomments&post=30"}],"version-history":[{"count":28,"href":"https:\/\/lehvanen.fi\/index.php?rest_route=\/wp\/v2\/pages\/30\/revisions"}],"predecessor-version":[{"id":159,"href":"https:\/\/lehvanen.fi\/index.php?rest_route=\/wp\/v2\/pages\/30\/revisions\/159"}],"wp:attachment":[{"href":"https:\/\/lehvanen.fi\/index.php?rest_route=%2Fwp%2Fv2%2Fmedia&parent=30"}],"curies":[{"name":"wp","href":"https:\/\/api.w.org\/{rel}","templated":true}]}}