{"id":6,"date":"2021-01-08T09:53:59","date_gmt":"2021-01-08T07:53:59","guid":{"rendered":"http:\/\/lehvanen.fi\/?page_id=6"},"modified":"2025-10-26T18:00:01","modified_gmt":"2025-10-26T16:00:01","slug":"etusivu","status":"publish","type":"page","link":"https:\/\/lehvanen.fi\/","title":{"rendered":"Etusivu"},"content":{"rendered":"\n<p class=\"has-white-color has-text-color\">Taksi Lehv\u00e4nen &#8211; hyv\u00e4\u00e4 ja luotettavaa taksipalvelua jo yli 70:n vuoden ajan!<\/p>\n\n\n\n<p class=\"has-white-color has-text-color\">Me Taksi Lehv\u00e4sell\u00e4 olemme vuosikymmenten saatossa todenneet, ett\u00e4 laatu ja luotettavuus taksipalveluissa ovat ne asiat, joita asiakkaat arvostavat. Olemmekin aina panostaneet autojen laadukkuuteen ja kuljettajien asiantuntemukseen.<\/p>\n\n\n\n<p class=\"has-white-color has-text-color\">R\u00e4\u00e4t\u00e4l\u00f6imme tarvittaessa palvelupaketit sek\u00e4 yrityksille ett\u00e4 yksityishenkil\u00f6ille.<\/p>\n\n\n\n<p class=\"has-white-color has-text-color\">Kauttamme mm.<\/p>\n\n\n\n<ul class=\"wp-block-list\">\n<li>Lentokentt\u00e4kuljetukset<\/li>\n\n\n\n<li>H\u00e4\u00e4ajot<\/li>\n\n\n\n<li>Kauppa- ja asiointipalvelut<\/li>\n\n\n\n<li>Lastenistuin erikseen tilattaessa<\/li>\n<\/ul>\n\n\n\n<p class=\"has-white-color has-text-color\">Lis\u00e4tietoja antaa<\/p>\n\n\n\n<p class=\"has-white-color has-text-color\">Jani Lehv\u00e4nen: 040 5023421<\/p>\n\n\n\n<p class=\"has-white-color has-text-color\">S\u00e4hk\u00f6posti:&nbsp;<a href=\"mailto:taksi@lehvanen.fi\">taksi@lehvanen.fi<\/a><\/p>\n\n\n\n<p class=\"has-white-color has-text-color\">Numerot autoihimme l\u00f6yd\u00e4t valikosta l\u00f6ytyv\u00e4lt\u00e4 &#8221;Ota yhteytt\u00e4&#8221;-sivulta.<\/p>\n\n\n\nngg_shortcode_0_placeholder\n","protected":false},"excerpt":{"rendered":"<p>Taksi Lehv\u00e4nen &#8211; hyv\u00e4\u00e4 ja luotettavaa taksipalvelua jo yli 70:n vuoden ajan! Me Taksi Lehv\u00e4sell\u00e4 olemme vuosikymmenten saatossa todenneet, ett\u00e4<\/p>\n<p><a href=\"https:\/\/lehvanen.fi\/\" class=\"more-link\">Continue reading<span class=\"screen-reader-text\">Etusivu<\/span><\/a><\/p>\n","protected":false},"author":1,"featured_media":0,"parent":0,"menu_order":0,"comment_status":"closed","ping_status":"closed","template":"","meta":{"ngg_post_thumbnail":0,"footnotes":""},"class_list":["post-6","page","type-page","status-publish","hentry"],"jetpack_sharing_enabled":true,"_links":{"self":[{"href":"https:\/\/lehvanen.fi\/index.php?rest_route=\/wp\/v2\/pages\/6","targetHints":{"allow":["GET"]}}],"collection":[{"href":"https:\/\/lehvanen.fi\/index.php?rest_route=\/wp\/v2\/pages"}],"about":[{"href":"https:\/\/lehvanen.fi\/index.php?rest_route=\/wp\/v2\/types\/page"}],"author":[{"embeddable":true,"href":"https:\/\/lehvanen.fi\/index.php?rest_route=\/wp\/v2\/users\/1"}],"replies":[{"embeddable":true,"href":"https:\/\/lehvanen.fi\/index.php?rest_route=%2Fwp%2Fv2%2Fcomments&post=6"}],"version-history":[{"count":16,"href":"https:\/\/lehvanen.fi\/index.php?rest_route=\/wp\/v2\/pages\/6\/revisions"}],"predecessor-version":[{"id":214,"href":"https:\/\/lehvanen.fi\/index.php?rest_route=\/wp\/v2\/pages\/6\/revisions\/214"}],"wp:attachment":[{"href":"https:\/\/lehvanen.fi\/index.php?rest_route=%2Fwp%2Fv2%2Fmedia&parent=6"}],"curies":[{"name":"wp","href":"https:\/\/api.w.org\/{rel}","templated":true}]}}